{"id":299,"date":"2019-12-07T17:08:40","date_gmt":"2019-12-07T16:08:40","guid":{"rendered":"http:\/\/quatuorappassionata.fr\/?page_id=299"},"modified":"2024-02-15T20:28:59","modified_gmt":"2024-02-15T19:28:59","slug":"mentions-legales","status":"publish","type":"page","link":"https:\/\/quatuorappassionata.fr\/index.php\/mentions-legales\/","title":{"rendered":"Mentions L\u00e9gales"},"content":{"rendered":"<div  data-label=\"Features\" data-id=\"features--1\" data-export-id=\"features-13\" data-category=\"features\" class=\"features-13 content-section content-section-spacing\" id=\"features-1\" style=\"background-color: rgb(255, 255, 255);\"><div  class=\"gridContainer\">  <div  class=\"row spaced-cols\" data-type=\"row\"> <div  class=\"col col-sm-6 space-bottom col-md-4\">  <h4  class=\"\"><span  style=\"font-weight: 600; color: rgb(87, 68, 50);\">RAISON SOCIALE<\/span><\/h4> <p  class=\"\">Association \n<br >LES ARTS VIVANTS<\/p> <\/div>    <div  class=\"col col-sm-6 space-bottom col-md-4\">  <h4  class=\"\"><span  style=\"font-weight: 600; color: rgb(87, 68, 50);\">IDENTIFICATION<\/span><\/h4> <p  class=\"\">RCS : 795 362 466<br >\nAPE : 9001Z    Arts du spectacle vivant<\/p> <\/div><div  class=\"col col-sm-6 space-bottom col-md-4\">  <h4  class=\"\"><span  style=\"font-weight: 600; color: rgb(87, 68, 50);\">SIEGE SOCIAL<\/span><\/h4> <p  class=\"\">3, rue Beaumarchais<br >\n63000 Clermont-Ferrand<\/p> <\/div><div  class=\"col col-sm-6 space-bottom col-md-4\">  <h4  class=\"\"><span  style=\"font-weight: 600; color: rgb(87, 68, 50);\">PUBLICATION<\/span><\/h4> <p  class=\"\">Directeur de la publication : Roland Duchastelle<br >\nMail :&nbsp;duchastelle.roland@wanadoo.fr<\/p> <\/div><div  class=\"col col-sm-6 space-bottom col-md-4\">  <h4  class=\"\"><span  style=\"font-weight: 600; color: rgb(87, 68, 50);\">R\u00c9ALISATION<\/span><\/h4> <p  class=\"\">Site r\u00e9alis\u00e9 avec WordPress.<br >\nGraphisme et int\u00e9gration : BL<a data-mce-href=\"https:\/\/brice-lalart.com\/\" href=\"https:\/\/brice-lalart.com\" target=\"_blank\" rel=\"noopener noreferrer\" data-mce-selected=\"inline-boundary\" data-cp-link=\"1\" class=\"\"><\/a><\/p> <\/div><div  class=\"col col-sm-6 space-bottom col-md-4\">  <h4  class=\"\"><span  style=\"font-weight: 600; color: rgb(87, 68, 50);\">H\u00c9BERGEMENT<\/span><\/h4> <p  class=\"\">SAS OVH \u2013 Capital de 10 069 020 \u20ac<br >\n2 rue Kellermann \u2013 59100 Roubaix \u2013 France<\/p> <\/div><div  class=\"col col-sm-6 space-bottom col-md-4\">  <h4  class=\"\"><span  style=\"font-weight: 600; color: rgb(87, 68, 50);\">INFORMATIQUE ET LIBERT\u00c9<\/span><\/h4> <p  class=\"\">En application de la loi n\u00b078-17 du 6 janvier 1978 relative \u00e0 l\u2019informatique, aux fichiers et aux libert\u00e9s. Conform\u00e9ment \u00e0 l\u2019article 34 de la loi \u00ab Informatique et Libert\u00e9s \u00bb, vous disposez d\u2019un droit d\u2019acc\u00e8s, de modification, de rectification et de suppression des donn\u00e9es qui vous concernent.<\/p> <\/div><div  class=\"col col-sm-6 space-bottom col-md-4\">  <h4  class=\"\"><span  style=\"font-weight: 600; color: rgb(87, 68, 50);\">DONN\u00c9ES PERSONNELLES<\/span><\/h4> <p  class=\"\">Vous pouvez visiter notre site sur Internet sans avoir \u00e0 d\u00e9cliner votre identit\u00e9 et \u00e0 fournir des informations personnelles vous concernant, except\u00e9 dans le formulaire de contact si vous souhaitez nous contacter.<\/p> <\/div><div  class=\"col col-sm-6 space-bottom col-md-4\">  <h4  class=\"\"><span  style=\"font-weight: 600; color: rgb(87, 68, 50);\">LICENCE<\/span><\/h4> <p  class=\"\">La propri\u00e9t\u00e9 intellectuelle contenue dans ce site, telle que les brevets, les marques et les droits d\u2019auteur, est prot\u00e9g\u00e9e. Ce site Internet n\u2019autorise aucune licence \u00e0 des tiers pour l\u2019utilisation de la propri\u00e9t\u00e9 intellectuelle.<\/p> <\/div><div  class=\"col col-sm-6 space-bottom col-md-4\">  <h4  class=\"\"><span  style=\"font-weight: 600; color: rgb(87, 68, 50);\">DROITS D\u2019AUTEUR<\/span><\/h4> <p  class=\"\">\u00a9 Copyright 2019 BL. Tous droits r\u00e9serv\u00e9s. Les textes, images, graphiques, ainsi que leur disposition sur le site Internet sont soumis \u00e0 la protection des droits d\u2019auteur et autres lois de protection. Le contenu de ce site Internet ne doit pas \u00eatre copi\u00e9, diffus\u00e9, modifi\u00e9 ou transmis \u00e0 des tiers \u00e0 des fins commerciales.<\/p> <\/div><div  class=\"col col-sm-6 space-bottom col-md-4\">  <h4  class=\"\"><span  style=\"font-weight: 600; color: rgb(87, 68, 50);\">RESPONSABILIT\u00c9<\/span><\/h4> <p  class=\"\">Ce site Internet a \u00e9t\u00e9 con\u00e7u avec le plus grand soin. Il est malgr\u00e9 tout impossible de garantir l\u2019absence d\u2019erreurs ainsi que la pr\u00e9cision des informations contenues. Toute responsabilit\u00e9 pour des dommages, r\u00e9sultant directement ou indirectement de l\u2019utilisation de ce site, est exclue, dans la mesure o\u00f9 ceux-ci ne sont pas fond\u00e9s sur des actes intentionnels ou des n\u00e9gligences graves.<\/p> <\/div><div  class=\"col col-sm-6 space-bottom col-md-4\">  <h4  class=\"\"><span  style=\"font-weight: 600; color: rgb(87, 68, 50);\">MARQUE DE FABRIQUE<\/span><\/h4> <p  class=\"\">Sans indication contraire, tous les embl\u00e8mes de marques sont prot\u00e9g\u00e9s selon les droits concernant les marques.<\/p> <\/div><\/div><\/div> <\/div><div  data-label=\"Content\" data-id=\"content--1\" data-export-id=\"content-7\" data-category=\"content\" class=\"content-7 content-section content-section-spacing\" id=\"content-1\" style=\"background-color: rgb(227, 219, 202); background-image: none;\"><div  class=\"gridContainer\"> <div  class=\"row middle-sm\"><div  class=\"col-sm-6 space-bottom-xs\" data-type=\"column\">  <h3  class=\"\">Cr\u00e9dits photos &amp; vid\u00e9os<\/h3><p  class=\"lead\"><span  style=\"color: rgb(86, 81, 71);\">\u2013<\/span><\/p><p  class=\"\"><span  style=\"color: rgb(86, 81, 71);\">Les photos de ce site ont \u00e9t\u00e9 r\u00e9alis\u00e9es par BL Les vid\u00e9os sont quant \u00e0 elles sign\u00e9es BL et Rasca Prod.<\/span><\/p> <\/div> <div  class=\"col-sm-6\" data-type=\"column\"> <img decoding=\"async\"  class=\"shadow-large\" src=\"http:\/\/quatuorappassionata.fr\/wp-content\/uploads\/2019\/12\/cropped-brahms-1.jpg\" alt=\"\" title=\"cropped-brahms-1.jpg\"><\/div> <\/div><\/div> <\/div>","protected":false},"excerpt":{"rendered":"<p>RAISON SOCIALE Association LES ARTS VIVANTS IDENTIFICATION RCS : 795 362 466 APE : 9001Z Arts du spectacle vivant SIEGE SOCIAL 3, rue Beaumarchais 63000 Clermont-Ferrand PUBLICATION Directeur de la publication : Roland Duchastelle Mail :&nbsp;duchastelle.roland@wanadoo.fr R\u00c9ALISATION Site r\u00e9alis\u00e9 avec WordPress. Graphisme et int\u00e9gration : BL H\u00c9BERGEMENT SAS OVH \u2013 Capital de 10 069 020&hellip; <br \/> <a class=\"read-more\" href=\"https:\/\/quatuorappassionata.fr\/index.php\/mentions-legales\/\">Read more<\/a><\/p>\n","protected":false},"author":1,"featured_media":27,"parent":0,"menu_order":0,"comment_status":"closed","ping_status":"closed","template":"pro\/page-templates\/full-width-page.php","meta":{"footnotes":""},"class_list":["post-299","page","type-page","status-publish","has-post-thumbnail","hentry"],"_links":{"self":[{"href":"https:\/\/quatuorappassionata.fr\/index.php\/wp-json\/wp\/v2\/pages\/299"}],"collection":[{"href":"https:\/\/quatuorappassionata.fr\/index.php\/wp-json\/wp\/v2\/pages"}],"about":[{"href":"https:\/\/quatuorappassionata.fr\/index.php\/wp-json\/wp\/v2\/types\/page"}],"author":[{"embeddable":true,"href":"https:\/\/quatuorappassionata.fr\/index.php\/wp-json\/wp\/v2\/users\/1"}],"replies":[{"embeddable":true,"href":"https:\/\/quatuorappassionata.fr\/index.php\/wp-json\/wp\/v2\/comments?post=299"}],"version-history":[{"count":8,"href":"https:\/\/quatuorappassionata.fr\/index.php\/wp-json\/wp\/v2\/pages\/299\/revisions"}],"predecessor-version":[{"id":434,"href":"https:\/\/quatuorappassionata.fr\/index.php\/wp-json\/wp\/v2\/pages\/299\/revisions\/434"}],"wp:featuredmedia":[{"embeddable":true,"href":"https:\/\/quatuorappassionata.fr\/index.php\/wp-json\/wp\/v2\/media\/27"}],"wp:attachment":[{"href":"https:\/\/quatuorappassionata.fr\/index.php\/wp-json\/wp\/v2\/media?parent=299"}],"curies":[{"name":"wp","href":"https:\/\/api.w.org\/{rel}","templated":true}]}}